{"id":2,"date":"2008-02-07T21:29:08","date_gmt":"2008-02-07T20:29:08","guid":{"rendered":""},"modified":"2008-02-22T18:05:21","modified_gmt":"2008-02-22T17:05:21","slug":"about","status":"publish","type":"page","link":"https:\/\/www.leunen.com\/linux\/about\/","title":{"rendered":"About"},"content":{"rendered":"<p>Autour de Linux est un site web plus qu&rsquo;un blog, un ensemble de choses en rapport avec Linux et tout ce qui l&rsquo;entoure. C&rsquo;est un peu ma m\u00e9moire, mon pense-b\u00eate. Si vous y trouvez un seul petit renseignement que vous ignoriez, cela fera mon bonheur.<\/p>\n<p>Mon nom est Michel Leunen, fan de Linux, de programmation (C++ et Python) et de plein d&rsquo;autres choses pourvu qu&rsquo;elles soient en rapport avec le PC ou la musique.<\/p>\n<p>Je travaille pour la RTBF (radio et t\u00e9l\u00e9vision belge) dans le service des transmissions. Mon quotidien y est fait de faisceaux hertziens, de fibres optiques, de multiplex DVB-T (TNT comme disent nos amis fran\u00e7ais) et\u00a0 DVB-H (la t\u00e9l\u00e9vision que vous recevrez bient\u00f4t sur votre mobile) et d&rsquo;un peu d&rsquo;administrtion r\u00e9seau (quelques serveurs Ubuntu).<\/p>\n<p>N&rsquo;h\u00e9sitez pas \u00e0 me contacter en m&rsquo;envoyant un mail directement \u00e0 <a href=\"mailto:michel@leunen.com\" title=\"michel@leunen.com\">michel@leunen.com<\/a> .<\/p>\n","protected":false},"excerpt":{"rendered":"<p>Autour de Linux est un site web plus qu&rsquo;un blog, un ensemble de choses en rapport avec Linux et tout ce qui l&rsquo;entoure. C&rsquo;est un peu ma m\u00e9moire, mon pense-b\u00eate. Si vous y trouvez un seul petit renseignement que vous ignoriez, cela fera mon bonheur. Mon nom est Michel Leunen, fan de Linux, de programmation [&hellip;]<\/p>\n","protected":false},"author":2,"featured_media":0,"parent":0,"menu_order":0,"comment_status":"open","ping_status":"open","template":"","meta":[],"aioseo_notices":[],"_links":{"self":[{"href":"https:\/\/www.leunen.com\/linux\/wp-json\/wp\/v2\/pages\/2"}],"collection":[{"href":"https:\/\/www.leunen.com\/linux\/wp-json\/wp\/v2\/pages"}],"about":[{"href":"https:\/\/www.leunen.com\/linux\/wp-json\/wp\/v2\/types\/page"}],"author":[{"embeddable":true,"href":"https:\/\/www.leunen.com\/linux\/wp-json\/wp\/v2\/users\/2"}],"replies":[{"embeddable":true,"href":"https:\/\/www.leunen.com\/linux\/wp-json\/wp\/v2\/comments?post=2"}],"version-history":[{"count":0,"href":"https:\/\/www.leunen.com\/linux\/wp-json\/wp\/v2\/pages\/2\/revisions"}],"wp:attachment":[{"href":"https:\/\/www.leunen.com\/linux\/wp-json\/wp\/v2\/media?parent=2"}],"curies":[{"name":"wp","href":"https:\/\/api.w.org\/{rel}","templated":true}]}}